{"id":581,"date":"2023-04-12T12:50:22","date_gmt":"2023-04-12T10:50:22","guid":{"rendered":"https:\/\/portathermo.com\/inteligentne-rozwiazania\/"},"modified":"2023-06-12T13:37:51","modified_gmt":"2023-06-12T11:37:51","slug":"inteligentne-rozwiazania","status":"publish","type":"page","link":"https:\/\/portathermo.com\/sk\/inteligentne-rozwiazania\/","title":{"rendered":"Inteligentne  rozwi\u0105zania"},"content":{"rendered":"","protected":false},"excerpt":{"rendered":"","protected":false},"author":1,"featured_media":0,"parent":0,"menu_order":0,"comment_status":"closed","ping_status":"closed","template":"","meta":{"_acf_changed":false,"inline_featured_image":false,"footnotes":""},"class_list":["post-581","page","type-page","status-publish","hentry"],"acf":[],"yoast_head":"<!-- This site is optimized with the Yoast SEO plugin v27.4 - https:\/\/yoast.com\/product\/yoast-seo-wordpress\/ -->\n<title>Inteligentn\u00e9 rie\u0161enia - Porta Thermo<\/title>\n<meta name=\"description\" content=\"Otv\u00e1rajte dvere bezstarostne a inteligentne s Porta Thermo. \u010c\u00edta\u010dka odtla\u010dkov prstov a dia\u013ekov\u00e9 otv\u00e1ranie cez smartf\u00f3n prin\u00e1\u0161aj\u00fa komfort do Va\u0161ej dom\u00e1cnosti. Objavte nov\u00fa \u00farove\u0148 pohodlia.\" \/>\n<meta name=\"robots\" content=\"index, follow, max-snippet:-1, max-image-preview:large, max-video-preview:-1\" \/>\n<link rel=\"canonical\" href=\"https:\/\/portathermo.com\/sk\/inteligentne-rozwiazania\/\" \/>\n<meta property=\"og:locale\" content=\"sk_SK\" \/>\n<meta property=\"og:type\" content=\"article\" \/>\n<meta property=\"og:title\" content=\"Inteligentn\u00e9 rie\u0161enia - Porta Thermo\" \/>\n<meta property=\"og:description\" content=\"Otv\u00e1rajte dvere bezstarostne a inteligentne s Porta Thermo. \u010c\u00edta\u010dka odtla\u010dkov prstov a dia\u013ekov\u00e9 otv\u00e1ranie cez smartf\u00f3n prin\u00e1\u0161aj\u00fa komfort do Va\u0161ej dom\u00e1cnosti. Objavte nov\u00fa \u00farove\u0148 pohodlia.\" \/>\n<meta property=\"og:url\" content=\"https:\/\/portathermo.com\/sk\/inteligentne-rozwiazania\/\" \/>\n<meta property=\"og:site_name\" content=\"Porta Thermo\" \/>\n<meta property=\"article:modified_time\" content=\"2023-06-12T11:37:51+00:00\" \/>\n<meta name=\"twitter:card\" content=\"summary_large_image\" \/>\n<script type=\"application\/ld+json\" class=\"yoast-schema-graph\">{\"@context\":\"https:\\\/\\\/schema.org\",\"@graph\":[{\"@type\":\"WebPage\",\"@id\":\"https:\\\/\\\/portathermo.com\\\/sk\\\/inteligentne-rozwiazania\\\/\",\"url\":\"https:\\\/\\\/portathermo.com\\\/sk\\\/inteligentne-rozwiazania\\\/\",\"name\":\"Inteligentn\u00e9 rie\u0161enia - Porta Thermo\",\"isPartOf\":{\"@id\":\"https:\\\/\\\/portathermo.com\\\/#website\"},\"datePublished\":\"2023-04-12T10:50:22+00:00\",\"dateModified\":\"2023-06-12T11:37:51+00:00\",\"description\":\"Otv\u00e1rajte dvere bezstarostne a inteligentne s Porta Thermo. \u010c\u00edta\u010dka odtla\u010dkov prstov a dia\u013ekov\u00e9 otv\u00e1ranie cez smartf\u00f3n prin\u00e1\u0161aj\u00fa komfort do Va\u0161ej dom\u00e1cnosti. Objavte nov\u00fa \u00farove\u0148 pohodlia.\",\"breadcrumb\":{\"@id\":\"https:\\\/\\\/portathermo.com\\\/sk\\\/inteligentne-rozwiazania\\\/#breadcrumb\"},\"inLanguage\":\"sk-SK\",\"potentialAction\":[{\"@type\":\"ReadAction\",\"target\":[\"https:\\\/\\\/portathermo.com\\\/sk\\\/inteligentne-rozwiazania\\\/\"]}]},{\"@type\":\"BreadcrumbList\",\"@id\":\"https:\\\/\\\/portathermo.com\\\/sk\\\/inteligentne-rozwiazania\\\/#breadcrumb\",\"itemListElement\":[{\"@type\":\"ListItem\",\"position\":1,\"name\":\"Strona g\u0142\u00f3wna\",\"item\":\"https:\\\/\\\/portathermo.com\\\/sk\\\/\"},{\"@type\":\"ListItem\",\"position\":2,\"name\":\"Inteligentne rozwi\u0105zania\"}]},{\"@type\":\"WebSite\",\"@id\":\"https:\\\/\\\/portathermo.com\\\/#website\",\"url\":\"https:\\\/\\\/portathermo.com\\\/\",\"name\":\"Porta Thermo\",\"description\":\"\",\"potentialAction\":[{\"@type\":\"SearchAction\",\"target\":{\"@type\":\"EntryPoint\",\"urlTemplate\":\"https:\\\/\\\/portathermo.com\\\/?s={search_term_string}\"},\"query-input\":{\"@type\":\"PropertyValueSpecification\",\"valueRequired\":true,\"valueName\":\"search_term_string\"}}],\"inLanguage\":\"sk-SK\"}]}<\/script>\n<!-- \/ Yoast SEO plugin. -->","yoast_head_json":{"title":"Inteligentn\u00e9 rie\u0161enia - Porta Thermo","description":"Otv\u00e1rajte dvere bezstarostne a inteligentne s Porta Thermo. \u010c\u00edta\u010dka odtla\u010dkov prstov a dia\u013ekov\u00e9 otv\u00e1ranie cez smartf\u00f3n prin\u00e1\u0161aj\u00fa komfort do Va\u0161ej dom\u00e1cnosti. Objavte nov\u00fa \u00farove\u0148 pohodlia.","robots":{"index":"index","follow":"follow","max-snippet":"max-snippet:-1","max-image-preview":"max-image-preview:large","max-video-preview":"max-video-preview:-1"},"canonical":"https:\/\/portathermo.com\/sk\/inteligentne-rozwiazania\/","og_locale":"sk_SK","og_type":"article","og_title":"Inteligentn\u00e9 rie\u0161enia - Porta Thermo","og_description":"Otv\u00e1rajte dvere bezstarostne a inteligentne s Porta Thermo. \u010c\u00edta\u010dka odtla\u010dkov prstov a dia\u013ekov\u00e9 otv\u00e1ranie cez smartf\u00f3n prin\u00e1\u0161aj\u00fa komfort do Va\u0161ej dom\u00e1cnosti. Objavte nov\u00fa \u00farove\u0148 pohodlia.","og_url":"https:\/\/portathermo.com\/sk\/inteligentne-rozwiazania\/","og_site_name":"Porta Thermo","article_modified_time":"2023-06-12T11:37:51+00:00","twitter_card":"summary_large_image","schema":{"@context":"https:\/\/schema.org","@graph":[{"@type":"WebPage","@id":"https:\/\/portathermo.com\/sk\/inteligentne-rozwiazania\/","url":"https:\/\/portathermo.com\/sk\/inteligentne-rozwiazania\/","name":"Inteligentn\u00e9 rie\u0161enia - Porta Thermo","isPartOf":{"@id":"https:\/\/portathermo.com\/#website"},"datePublished":"2023-04-12T10:50:22+00:00","dateModified":"2023-06-12T11:37:51+00:00","description":"Otv\u00e1rajte dvere bezstarostne a inteligentne s Porta Thermo. \u010c\u00edta\u010dka odtla\u010dkov prstov a dia\u013ekov\u00e9 otv\u00e1ranie cez smartf\u00f3n prin\u00e1\u0161aj\u00fa komfort do Va\u0161ej dom\u00e1cnosti. Objavte nov\u00fa \u00farove\u0148 pohodlia.","breadcrumb":{"@id":"https:\/\/portathermo.com\/sk\/inteligentne-rozwiazania\/#breadcrumb"},"inLanguage":"sk-SK","potentialAction":[{"@type":"ReadAction","target":["https:\/\/portathermo.com\/sk\/inteligentne-rozwiazania\/"]}]},{"@type":"BreadcrumbList","@id":"https:\/\/portathermo.com\/sk\/inteligentne-rozwiazania\/#breadcrumb","itemListElement":[{"@type":"ListItem","position":1,"name":"Strona g\u0142\u00f3wna","item":"https:\/\/portathermo.com\/sk\/"},{"@type":"ListItem","position":2,"name":"Inteligentne rozwi\u0105zania"}]},{"@type":"WebSite","@id":"https:\/\/portathermo.com\/#website","url":"https:\/\/portathermo.com\/","name":"Porta Thermo","description":"","potentialAction":[{"@type":"SearchAction","target":{"@type":"EntryPoint","urlTemplate":"https:\/\/portathermo.com\/?s={search_term_string}"},"query-input":{"@type":"PropertyValueSpecification","valueRequired":true,"valueName":"search_term_string"}}],"inLanguage":"sk-SK"}]}},"_links":{"self":[{"href":"https:\/\/portathermo.com\/sk\/wp-json\/wp\/v2\/pages\/581","targetHints":{"allow":["GET"]}}],"collection":[{"href":"https:\/\/portathermo.com\/sk\/wp-json\/wp\/v2\/pages"}],"about":[{"href":"https:\/\/portathermo.com\/sk\/wp-json\/wp\/v2\/types\/page"}],"author":[{"embeddable":true,"href":"https:\/\/portathermo.com\/sk\/wp-json\/wp\/v2\/users\/1"}],"replies":[{"embeddable":true,"href":"https:\/\/portathermo.com\/sk\/wp-json\/wp\/v2\/comments?post=581"}],"version-history":[{"count":3,"href":"https:\/\/portathermo.com\/sk\/wp-json\/wp\/v2\/pages\/581\/revisions"}],"predecessor-version":[{"id":1995,"href":"https:\/\/portathermo.com\/sk\/wp-json\/wp\/v2\/pages\/581\/revisions\/1995"}],"wp:attachment":[{"href":"https:\/\/portathermo.com\/sk\/wp-json\/wp\/v2\/media?parent=581"}],"curies":[{"name":"wp","href":"https:\/\/api.w.org\/{rel}","templated":true}]}}