{"id":576,"date":"2023-04-14T14:45:22","date_gmt":"2023-04-14T12:45:22","guid":{"rendered":"https:\/\/portathermo.com\/doradzimy-jak-wybrac-drzwi-do-wnetrza\/"},"modified":"2023-06-12T14:07:57","modified_gmt":"2023-06-12T12:07:57","slug":"doradzimy-jak-wybrac-drzwi-do-wnetrza","status":"publish","type":"page","link":"https:\/\/portathermo.com\/sk\/doradzimy-jak-wybrac-drzwi-do-wnetrza\/","title":{"rendered":"Doradzimy jak wybra\u0107 drzwi do wn\u0119trza"},"content":{"rendered":"","protected":false},"excerpt":{"rendered":"","protected":false},"author":1,"featured_media":0,"parent":0,"menu_order":0,"comment_status":"closed","ping_status":"closed","template":"","meta":{"_acf_changed":false,"inline_featured_image":false,"footnotes":""},"class_list":["post-576","page","type-page","status-publish","hentry"],"acf":[],"yoast_head":"<!-- This site is optimized with the Yoast SEO plugin v27.4 - https:\/\/yoast.com\/product\/yoast-seo-wordpress\/ -->\n<title>V\u00fdber ide\u00e1lnych interi\u00e9rov\u00fdch dver\u00ed: Porta Thermo Collection<\/title>\n<meta name=\"description\" content=\"Pozdvihnite dizajn svojho interi\u00e9ru s interi\u00e9rov\u00fdmi dverami PORTA Thermo. \u010ci u\u017e d\u00e1vate prednos\u0165 \u010dist\u00e9mu minimalistick\u00e9mu vzh\u013eadu alebo nad\u010dasov\u00e9mu vintage \u0161armu, na\u0161e dvere pon\u00fakaj\u00fa dokonal\u00fd doplnok.\" \/>\n<meta name=\"robots\" content=\"index, follow, max-snippet:-1, max-image-preview:large, max-video-preview:-1\" \/>\n<link rel=\"canonical\" href=\"https:\/\/portathermo.com\/sk\/doradzimy-jak-wybrac-drzwi-do-wnetrza\/\" \/>\n<meta property=\"og:locale\" content=\"sk_SK\" \/>\n<meta property=\"og:type\" content=\"article\" \/>\n<meta property=\"og:title\" content=\"V\u00fdber ide\u00e1lnych interi\u00e9rov\u00fdch dver\u00ed: Porta Thermo Collection\" \/>\n<meta property=\"og:description\" content=\"Pozdvihnite dizajn svojho interi\u00e9ru s interi\u00e9rov\u00fdmi dverami PORTA Thermo. \u010ci u\u017e d\u00e1vate prednos\u0165 \u010dist\u00e9mu minimalistick\u00e9mu vzh\u013eadu alebo nad\u010dasov\u00e9mu vintage \u0161armu, na\u0161e dvere pon\u00fakaj\u00fa dokonal\u00fd doplnok.\" \/>\n<meta property=\"og:url\" content=\"https:\/\/portathermo.com\/sk\/doradzimy-jak-wybrac-drzwi-do-wnetrza\/\" \/>\n<meta property=\"og:site_name\" content=\"Porta Thermo\" \/>\n<meta property=\"article:modified_time\" content=\"2023-06-12T12:07:57+00:00\" \/>\n<meta name=\"twitter:card\" content=\"summary_large_image\" \/>\n<script type=\"application\/ld+json\" class=\"yoast-schema-graph\">{\"@context\":\"https:\\\/\\\/schema.org\",\"@graph\":[{\"@type\":\"WebPage\",\"@id\":\"https:\\\/\\\/portathermo.com\\\/sk\\\/doradzimy-jak-wybrac-drzwi-do-wnetrza\\\/\",\"url\":\"https:\\\/\\\/portathermo.com\\\/sk\\\/doradzimy-jak-wybrac-drzwi-do-wnetrza\\\/\",\"name\":\"V\u00fdber ide\u00e1lnych interi\u00e9rov\u00fdch dver\u00ed: Porta Thermo Collection\",\"isPartOf\":{\"@id\":\"https:\\\/\\\/portathermo.com\\\/#website\"},\"datePublished\":\"2023-04-14T12:45:22+00:00\",\"dateModified\":\"2023-06-12T12:07:57+00:00\",\"description\":\"Pozdvihnite dizajn svojho interi\u00e9ru s interi\u00e9rov\u00fdmi dverami PORTA Thermo. \u010ci u\u017e d\u00e1vate prednos\u0165 \u010dist\u00e9mu minimalistick\u00e9mu vzh\u013eadu alebo nad\u010dasov\u00e9mu vintage \u0161armu, na\u0161e dvere pon\u00fakaj\u00fa dokonal\u00fd doplnok.\",\"breadcrumb\":{\"@id\":\"https:\\\/\\\/portathermo.com\\\/sk\\\/doradzimy-jak-wybrac-drzwi-do-wnetrza\\\/#breadcrumb\"},\"inLanguage\":\"sk-SK\",\"potentialAction\":[{\"@type\":\"ReadAction\",\"target\":[\"https:\\\/\\\/portathermo.com\\\/sk\\\/doradzimy-jak-wybrac-drzwi-do-wnetrza\\\/\"]}]},{\"@type\":\"BreadcrumbList\",\"@id\":\"https:\\\/\\\/portathermo.com\\\/sk\\\/doradzimy-jak-wybrac-drzwi-do-wnetrza\\\/#breadcrumb\",\"itemListElement\":[{\"@type\":\"ListItem\",\"position\":1,\"name\":\"Strona g\u0142\u00f3wna\",\"item\":\"https:\\\/\\\/portathermo.com\\\/sk\\\/\"},{\"@type\":\"ListItem\",\"position\":2,\"name\":\"Doradzimy jak wybra\u0107 drzwi do wn\u0119trza\"}]},{\"@type\":\"WebSite\",\"@id\":\"https:\\\/\\\/portathermo.com\\\/#website\",\"url\":\"https:\\\/\\\/portathermo.com\\\/\",\"name\":\"Porta Thermo\",\"description\":\"\",\"potentialAction\":[{\"@type\":\"SearchAction\",\"target\":{\"@type\":\"EntryPoint\",\"urlTemplate\":\"https:\\\/\\\/portathermo.com\\\/?s={search_term_string}\"},\"query-input\":{\"@type\":\"PropertyValueSpecification\",\"valueRequired\":true,\"valueName\":\"search_term_string\"}}],\"inLanguage\":\"sk-SK\"}]}<\/script>\n<!-- \/ Yoast SEO plugin. -->","yoast_head_json":{"title":"V\u00fdber ide\u00e1lnych interi\u00e9rov\u00fdch dver\u00ed: Porta Thermo Collection","description":"Pozdvihnite dizajn svojho interi\u00e9ru s interi\u00e9rov\u00fdmi dverami PORTA Thermo. \u010ci u\u017e d\u00e1vate prednos\u0165 \u010dist\u00e9mu minimalistick\u00e9mu vzh\u013eadu alebo nad\u010dasov\u00e9mu vintage \u0161armu, na\u0161e dvere pon\u00fakaj\u00fa dokonal\u00fd doplnok.","robots":{"index":"index","follow":"follow","max-snippet":"max-snippet:-1","max-image-preview":"max-image-preview:large","max-video-preview":"max-video-preview:-1"},"canonical":"https:\/\/portathermo.com\/sk\/doradzimy-jak-wybrac-drzwi-do-wnetrza\/","og_locale":"sk_SK","og_type":"article","og_title":"V\u00fdber ide\u00e1lnych interi\u00e9rov\u00fdch dver\u00ed: Porta Thermo Collection","og_description":"Pozdvihnite dizajn svojho interi\u00e9ru s interi\u00e9rov\u00fdmi dverami PORTA Thermo. \u010ci u\u017e d\u00e1vate prednos\u0165 \u010dist\u00e9mu minimalistick\u00e9mu vzh\u013eadu alebo nad\u010dasov\u00e9mu vintage \u0161armu, na\u0161e dvere pon\u00fakaj\u00fa dokonal\u00fd doplnok.","og_url":"https:\/\/portathermo.com\/sk\/doradzimy-jak-wybrac-drzwi-do-wnetrza\/","og_site_name":"Porta Thermo","article_modified_time":"2023-06-12T12:07:57+00:00","twitter_card":"summary_large_image","schema":{"@context":"https:\/\/schema.org","@graph":[{"@type":"WebPage","@id":"https:\/\/portathermo.com\/sk\/doradzimy-jak-wybrac-drzwi-do-wnetrza\/","url":"https:\/\/portathermo.com\/sk\/doradzimy-jak-wybrac-drzwi-do-wnetrza\/","name":"V\u00fdber ide\u00e1lnych interi\u00e9rov\u00fdch dver\u00ed: Porta Thermo Collection","isPartOf":{"@id":"https:\/\/portathermo.com\/#website"},"datePublished":"2023-04-14T12:45:22+00:00","dateModified":"2023-06-12T12:07:57+00:00","description":"Pozdvihnite dizajn svojho interi\u00e9ru s interi\u00e9rov\u00fdmi dverami PORTA Thermo. \u010ci u\u017e d\u00e1vate prednos\u0165 \u010dist\u00e9mu minimalistick\u00e9mu vzh\u013eadu alebo nad\u010dasov\u00e9mu vintage \u0161armu, na\u0161e dvere pon\u00fakaj\u00fa dokonal\u00fd doplnok.","breadcrumb":{"@id":"https:\/\/portathermo.com\/sk\/doradzimy-jak-wybrac-drzwi-do-wnetrza\/#breadcrumb"},"inLanguage":"sk-SK","potentialAction":[{"@type":"ReadAction","target":["https:\/\/portathermo.com\/sk\/doradzimy-jak-wybrac-drzwi-do-wnetrza\/"]}]},{"@type":"BreadcrumbList","@id":"https:\/\/portathermo.com\/sk\/doradzimy-jak-wybrac-drzwi-do-wnetrza\/#breadcrumb","itemListElement":[{"@type":"ListItem","position":1,"name":"Strona g\u0142\u00f3wna","item":"https:\/\/portathermo.com\/sk\/"},{"@type":"ListItem","position":2,"name":"Doradzimy jak wybra\u0107 drzwi do wn\u0119trza"}]},{"@type":"WebSite","@id":"https:\/\/portathermo.com\/#website","url":"https:\/\/portathermo.com\/","name":"Porta Thermo","description":"","potentialAction":[{"@type":"SearchAction","target":{"@type":"EntryPoint","urlTemplate":"https:\/\/portathermo.com\/?s={search_term_string}"},"query-input":{"@type":"PropertyValueSpecification","valueRequired":true,"valueName":"search_term_string"}}],"inLanguage":"sk-SK"}]}},"_links":{"self":[{"href":"https:\/\/portathermo.com\/sk\/wp-json\/wp\/v2\/pages\/576","targetHints":{"allow":["GET"]}}],"collection":[{"href":"https:\/\/portathermo.com\/sk\/wp-json\/wp\/v2\/pages"}],"about":[{"href":"https:\/\/portathermo.com\/sk\/wp-json\/wp\/v2\/types\/page"}],"author":[{"embeddable":true,"href":"https:\/\/portathermo.com\/sk\/wp-json\/wp\/v2\/users\/1"}],"replies":[{"embeddable":true,"href":"https:\/\/portathermo.com\/sk\/wp-json\/wp\/v2\/comments?post=576"}],"version-history":[{"count":5,"href":"https:\/\/portathermo.com\/sk\/wp-json\/wp\/v2\/pages\/576\/revisions"}],"predecessor-version":[{"id":891,"href":"https:\/\/portathermo.com\/sk\/wp-json\/wp\/v2\/pages\/576\/revisions\/891"}],"wp:attachment":[{"href":"https:\/\/portathermo.com\/sk\/wp-json\/wp\/v2\/media?parent=576"}],"curies":[{"name":"wp","href":"https:\/\/api.w.org\/{rel}","templated":true}]}}