{"id":1624,"date":"2023-04-12T12:50:22","date_gmt":"2023-04-12T10:50:22","guid":{"rendered":"https:\/\/portathermo.com\/chytra-reseni\/"},"modified":"2023-06-15T11:13:01","modified_gmt":"2023-06-15T09:13:01","slug":"chytra-reseni","status":"publish","type":"page","link":"https:\/\/portathermo.com\/cz\/chytra-reseni\/","title":{"rendered":"Inteligentne rozwi\u0105zania"},"content":{"rendered":"","protected":false},"excerpt":{"rendered":"","protected":false},"author":1,"featured_media":0,"parent":0,"menu_order":0,"comment_status":"closed","ping_status":"closed","template":"","meta":{"_acf_changed":false,"inline_featured_image":false,"footnotes":""},"class_list":["post-1624","page","type-page","status-publish","hentry"],"acf":[],"yoast_head":"<!-- This site is optimized with the Yoast SEO plugin v27.4 - https:\/\/yoast.com\/product\/yoast-seo-wordpress\/ -->\n<title>Chytr\u00e1 \u0159e\u0161en\u00ed - Porta Thermo<\/title>\n<meta name=\"description\" content=\"Otev\u00edrejte dve\u0159e snadno a bezpe\u010dn\u011b s inteligentn\u00edm \u0159e\u0161en\u00edm Porta Thermo. Lok\u00e1ln\u011b ulo\u017een\u00e1 \u010dte\u010dka otisk\u016f prst\u016f a otev\u00edr\u00e1n\u00ed pomoc\u00ed smartphonu v\u00e1m poskytuj\u00ed pohodl\u00ed a kontrolu. Objednejte si sv\u016fj syst\u00e9m je\u0161t\u011b dnes!\" \/>\n<meta name=\"robots\" content=\"index, follow, max-snippet:-1, max-image-preview:large, max-video-preview:-1\" \/>\n<link rel=\"canonical\" href=\"https:\/\/portathermo.com\/cz\/chytra-reseni\/\" \/>\n<meta property=\"og:locale\" content=\"en_US\" \/>\n<meta property=\"og:type\" content=\"article\" \/>\n<meta property=\"og:title\" content=\"Chytr\u00e1 \u0159e\u0161en\u00ed - Porta Thermo\" \/>\n<meta property=\"og:description\" content=\"Otev\u00edrejte dve\u0159e snadno a bezpe\u010dn\u011b s inteligentn\u00edm \u0159e\u0161en\u00edm Porta Thermo. Lok\u00e1ln\u011b ulo\u017een\u00e1 \u010dte\u010dka otisk\u016f prst\u016f a otev\u00edr\u00e1n\u00ed pomoc\u00ed smartphonu v\u00e1m poskytuj\u00ed pohodl\u00ed a kontrolu. Objednejte si sv\u016fj syst\u00e9m je\u0161t\u011b dnes!\" \/>\n<meta property=\"og:url\" content=\"https:\/\/portathermo.com\/cz\/chytra-reseni\/\" \/>\n<meta property=\"og:site_name\" content=\"Porta Thermo\" \/>\n<meta property=\"article:modified_time\" content=\"2023-06-15T09:13:01+00:00\" \/>\n<meta name=\"twitter:card\" content=\"summary_large_image\" \/>\n<script type=\"application\/ld+json\" class=\"yoast-schema-graph\">{\"@context\":\"https:\\\/\\\/schema.org\",\"@graph\":[{\"@type\":\"WebPage\",\"@id\":\"https:\\\/\\\/portathermo.com\\\/cz\\\/chytra-reseni\\\/\",\"url\":\"https:\\\/\\\/portathermo.com\\\/cz\\\/chytra-reseni\\\/\",\"name\":\"Chytr\u00e1 \u0159e\u0161en\u00ed - Porta Thermo\",\"isPartOf\":{\"@id\":\"https:\\\/\\\/portathermo.com\\\/#website\"},\"datePublished\":\"2023-04-12T10:50:22+00:00\",\"dateModified\":\"2023-06-15T09:13:01+00:00\",\"description\":\"Otev\u00edrejte dve\u0159e snadno a bezpe\u010dn\u011b s inteligentn\u00edm \u0159e\u0161en\u00edm Porta Thermo. Lok\u00e1ln\u011b ulo\u017een\u00e1 \u010dte\u010dka otisk\u016f prst\u016f a otev\u00edr\u00e1n\u00ed pomoc\u00ed smartphonu v\u00e1m poskytuj\u00ed pohodl\u00ed a kontrolu. Objednejte si sv\u016fj syst\u00e9m je\u0161t\u011b dnes!\",\"breadcrumb\":{\"@id\":\"https:\\\/\\\/portathermo.com\\\/cz\\\/chytra-reseni\\\/#breadcrumb\"},\"inLanguage\":\"cz-CZ\",\"potentialAction\":[{\"@type\":\"ReadAction\",\"target\":[\"https:\\\/\\\/portathermo.com\\\/cz\\\/chytra-reseni\\\/\"]}]},{\"@type\":\"BreadcrumbList\",\"@id\":\"https:\\\/\\\/portathermo.com\\\/cz\\\/chytra-reseni\\\/#breadcrumb\",\"itemListElement\":[{\"@type\":\"ListItem\",\"position\":1,\"name\":\"Strona g\u0142\u00f3wna\",\"item\":\"https:\\\/\\\/portathermo.com\\\/cz\\\/\"},{\"@type\":\"ListItem\",\"position\":2,\"name\":\"Inteligentne rozwi\u0105zania\"}]},{\"@type\":\"WebSite\",\"@id\":\"https:\\\/\\\/portathermo.com\\\/#website\",\"url\":\"https:\\\/\\\/portathermo.com\\\/\",\"name\":\"Porta Thermo\",\"description\":\"\",\"potentialAction\":[{\"@type\":\"SearchAction\",\"target\":{\"@type\":\"EntryPoint\",\"urlTemplate\":\"https:\\\/\\\/portathermo.com\\\/?s={search_term_string}\"},\"query-input\":{\"@type\":\"PropertyValueSpecification\",\"valueRequired\":true,\"valueName\":\"search_term_string\"}}],\"inLanguage\":\"cz-CZ\"}]}<\/script>\n<!-- \/ Yoast SEO plugin. -->","yoast_head_json":{"title":"Chytr\u00e1 \u0159e\u0161en\u00ed - Porta Thermo","description":"Otev\u00edrejte dve\u0159e snadno a bezpe\u010dn\u011b s inteligentn\u00edm \u0159e\u0161en\u00edm Porta Thermo. Lok\u00e1ln\u011b ulo\u017een\u00e1 \u010dte\u010dka otisk\u016f prst\u016f a otev\u00edr\u00e1n\u00ed pomoc\u00ed smartphonu v\u00e1m poskytuj\u00ed pohodl\u00ed a kontrolu. Objednejte si sv\u016fj syst\u00e9m je\u0161t\u011b dnes!","robots":{"index":"index","follow":"follow","max-snippet":"max-snippet:-1","max-image-preview":"max-image-preview:large","max-video-preview":"max-video-preview:-1"},"canonical":"https:\/\/portathermo.com\/cz\/chytra-reseni\/","og_locale":"en_US","og_type":"article","og_title":"Chytr\u00e1 \u0159e\u0161en\u00ed - Porta Thermo","og_description":"Otev\u00edrejte dve\u0159e snadno a bezpe\u010dn\u011b s inteligentn\u00edm \u0159e\u0161en\u00edm Porta Thermo. Lok\u00e1ln\u011b ulo\u017een\u00e1 \u010dte\u010dka otisk\u016f prst\u016f a otev\u00edr\u00e1n\u00ed pomoc\u00ed smartphonu v\u00e1m poskytuj\u00ed pohodl\u00ed a kontrolu. Objednejte si sv\u016fj syst\u00e9m je\u0161t\u011b dnes!","og_url":"https:\/\/portathermo.com\/cz\/chytra-reseni\/","og_site_name":"Porta Thermo","article_modified_time":"2023-06-15T09:13:01+00:00","twitter_card":"summary_large_image","schema":{"@context":"https:\/\/schema.org","@graph":[{"@type":"WebPage","@id":"https:\/\/portathermo.com\/cz\/chytra-reseni\/","url":"https:\/\/portathermo.com\/cz\/chytra-reseni\/","name":"Chytr\u00e1 \u0159e\u0161en\u00ed - Porta Thermo","isPartOf":{"@id":"https:\/\/portathermo.com\/#website"},"datePublished":"2023-04-12T10:50:22+00:00","dateModified":"2023-06-15T09:13:01+00:00","description":"Otev\u00edrejte dve\u0159e snadno a bezpe\u010dn\u011b s inteligentn\u00edm \u0159e\u0161en\u00edm Porta Thermo. Lok\u00e1ln\u011b ulo\u017een\u00e1 \u010dte\u010dka otisk\u016f prst\u016f a otev\u00edr\u00e1n\u00ed pomoc\u00ed smartphonu v\u00e1m poskytuj\u00ed pohodl\u00ed a kontrolu. Objednejte si sv\u016fj syst\u00e9m je\u0161t\u011b dnes!","breadcrumb":{"@id":"https:\/\/portathermo.com\/cz\/chytra-reseni\/#breadcrumb"},"inLanguage":"cz-CZ","potentialAction":[{"@type":"ReadAction","target":["https:\/\/portathermo.com\/cz\/chytra-reseni\/"]}]},{"@type":"BreadcrumbList","@id":"https:\/\/portathermo.com\/cz\/chytra-reseni\/#breadcrumb","itemListElement":[{"@type":"ListItem","position":1,"name":"Strona g\u0142\u00f3wna","item":"https:\/\/portathermo.com\/cz\/"},{"@type":"ListItem","position":2,"name":"Inteligentne rozwi\u0105zania"}]},{"@type":"WebSite","@id":"https:\/\/portathermo.com\/#website","url":"https:\/\/portathermo.com\/","name":"Porta Thermo","description":"","potentialAction":[{"@type":"SearchAction","target":{"@type":"EntryPoint","urlTemplate":"https:\/\/portathermo.com\/?s={search_term_string}"},"query-input":{"@type":"PropertyValueSpecification","valueRequired":true,"valueName":"search_term_string"}}],"inLanguage":"cz-CZ"}]}},"_links":{"self":[{"href":"https:\/\/portathermo.com\/cz\/wp-json\/wp\/v2\/pages\/1624","targetHints":{"allow":["GET"]}}],"collection":[{"href":"https:\/\/portathermo.com\/cz\/wp-json\/wp\/v2\/pages"}],"about":[{"href":"https:\/\/portathermo.com\/cz\/wp-json\/wp\/v2\/types\/page"}],"author":[{"embeddable":true,"href":"https:\/\/portathermo.com\/cz\/wp-json\/wp\/v2\/users\/1"}],"replies":[{"embeddable":true,"href":"https:\/\/portathermo.com\/cz\/wp-json\/wp\/v2\/comments?post=1624"}],"version-history":[{"count":4,"href":"https:\/\/portathermo.com\/cz\/wp-json\/wp\/v2\/pages\/1624\/revisions"}],"predecessor-version":[{"id":2121,"href":"https:\/\/portathermo.com\/cz\/wp-json\/wp\/v2\/pages\/1624\/revisions\/2121"}],"wp:attachment":[{"href":"https:\/\/portathermo.com\/cz\/wp-json\/wp\/v2\/media?parent=1624"}],"curies":[{"name":"wp","href":"https:\/\/api.w.org\/{rel}","templated":true}]}}