{"id":1611,"date":"2023-04-14T14:45:22","date_gmt":"2023-04-14T12:45:22","guid":{"rendered":"https:\/\/portathermo.com\/poradime-vam-jak-zvolit-dvere-do-interieru\/"},"modified":"2023-06-12T14:06:49","modified_gmt":"2023-06-12T12:06:49","slug":"poradime-vam-jak-zvolit-dvere-do-interieru","status":"publish","type":"page","link":"https:\/\/portathermo.com\/cz\/poradime-vam-jak-zvolit-dvere-do-interieru\/","title":{"rendered":"Doradzimy jak wybra\u0107 drzwi do wn\u0119trza"},"content":{"rendered":"","protected":false},"excerpt":{"rendered":"","protected":false},"author":1,"featured_media":0,"parent":0,"menu_order":0,"comment_status":"closed","ping_status":"closed","template":"","meta":{"_acf_changed":false,"inline_featured_image":false,"footnotes":""},"class_list":["post-1611","page","type-page","status-publish","hentry"],"acf":[],"yoast_head":"<!-- This site is optimized with the Yoast SEO plugin v27.4 - https:\/\/yoast.com\/product\/yoast-seo-wordpress\/ -->\n<title>V\u00fdb\u011br ide\u00e1ln\u00edch interi\u00e9rov\u00fdch dve\u0159\u00ed: Dve\u0159e Porta Thermo Collection<\/title>\n<meta name=\"description\" content=\"Vylep\u0161ete design sv\u00e9ho interi\u00e9ru pomoc\u00ed interi\u00e9rov\u00fdch dve\u0159\u00ed PORTA Thermo. A\u0165 u\u017e d\u00e1v\u00e1te p\u0159ednost \u010dist\u00e9mu minimalistick\u00e9mu vzhledu, nebo nad\u010dasov\u00e9mu vintage \u0161armu, na\u0161e dve\u0159e v\u00e1m nab\u00eddnou dokonal\u00fd dopln\u011bk.\" \/>\n<meta name=\"robots\" content=\"index, follow, max-snippet:-1, max-image-preview:large, max-video-preview:-1\" \/>\n<link rel=\"canonical\" href=\"https:\/\/portathermo.com\/cz\/poradime-vam-jak-zvolit-dvere-do-interieru\/\" \/>\n<meta property=\"og:locale\" content=\"en_US\" \/>\n<meta property=\"og:type\" content=\"article\" \/>\n<meta property=\"og:title\" content=\"V\u00fdb\u011br ide\u00e1ln\u00edch interi\u00e9rov\u00fdch dve\u0159\u00ed: Dve\u0159e Porta Thermo Collection\" \/>\n<meta property=\"og:description\" content=\"Vylep\u0161ete design sv\u00e9ho interi\u00e9ru pomoc\u00ed interi\u00e9rov\u00fdch dve\u0159\u00ed PORTA Thermo. A\u0165 u\u017e d\u00e1v\u00e1te p\u0159ednost \u010dist\u00e9mu minimalistick\u00e9mu vzhledu, nebo nad\u010dasov\u00e9mu vintage \u0161armu, na\u0161e dve\u0159e v\u00e1m nab\u00eddnou dokonal\u00fd dopln\u011bk.\" \/>\n<meta property=\"og:url\" content=\"https:\/\/portathermo.com\/cz\/poradime-vam-jak-zvolit-dvere-do-interieru\/\" \/>\n<meta property=\"og:site_name\" content=\"Porta Thermo\" \/>\n<meta property=\"article:modified_time\" content=\"2023-06-12T12:06:49+00:00\" \/>\n<meta name=\"twitter:card\" content=\"summary_large_image\" \/>\n<script type=\"application\/ld+json\" class=\"yoast-schema-graph\">{\"@context\":\"https:\\\/\\\/schema.org\",\"@graph\":[{\"@type\":\"WebPage\",\"@id\":\"https:\\\/\\\/portathermo.com\\\/cz\\\/poradime-vam-jak-zvolit-dvere-do-interieru\\\/\",\"url\":\"https:\\\/\\\/portathermo.com\\\/cz\\\/poradime-vam-jak-zvolit-dvere-do-interieru\\\/\",\"name\":\"V\u00fdb\u011br ide\u00e1ln\u00edch interi\u00e9rov\u00fdch dve\u0159\u00ed: Dve\u0159e Porta Thermo Collection\",\"isPartOf\":{\"@id\":\"https:\\\/\\\/portathermo.com\\\/#website\"},\"datePublished\":\"2023-04-14T12:45:22+00:00\",\"dateModified\":\"2023-06-12T12:06:49+00:00\",\"description\":\"Vylep\u0161ete design sv\u00e9ho interi\u00e9ru pomoc\u00ed interi\u00e9rov\u00fdch dve\u0159\u00ed PORTA Thermo. A\u0165 u\u017e d\u00e1v\u00e1te p\u0159ednost \u010dist\u00e9mu minimalistick\u00e9mu vzhledu, nebo nad\u010dasov\u00e9mu vintage \u0161armu, na\u0161e dve\u0159e v\u00e1m nab\u00eddnou dokonal\u00fd dopln\u011bk.\",\"breadcrumb\":{\"@id\":\"https:\\\/\\\/portathermo.com\\\/cz\\\/poradime-vam-jak-zvolit-dvere-do-interieru\\\/#breadcrumb\"},\"inLanguage\":\"cz-CZ\",\"potentialAction\":[{\"@type\":\"ReadAction\",\"target\":[\"https:\\\/\\\/portathermo.com\\\/cz\\\/poradime-vam-jak-zvolit-dvere-do-interieru\\\/\"]}]},{\"@type\":\"BreadcrumbList\",\"@id\":\"https:\\\/\\\/portathermo.com\\\/cz\\\/poradime-vam-jak-zvolit-dvere-do-interieru\\\/#breadcrumb\",\"itemListElement\":[{\"@type\":\"ListItem\",\"position\":1,\"name\":\"Strona g\u0142\u00f3wna\",\"item\":\"https:\\\/\\\/portathermo.com\\\/cz\\\/\"},{\"@type\":\"ListItem\",\"position\":2,\"name\":\"Doradzimy jak wybra\u0107 drzwi do wn\u0119trza\"}]},{\"@type\":\"WebSite\",\"@id\":\"https:\\\/\\\/portathermo.com\\\/#website\",\"url\":\"https:\\\/\\\/portathermo.com\\\/\",\"name\":\"Porta Thermo\",\"description\":\"\",\"potentialAction\":[{\"@type\":\"SearchAction\",\"target\":{\"@type\":\"EntryPoint\",\"urlTemplate\":\"https:\\\/\\\/portathermo.com\\\/?s={search_term_string}\"},\"query-input\":{\"@type\":\"PropertyValueSpecification\",\"valueRequired\":true,\"valueName\":\"search_term_string\"}}],\"inLanguage\":\"cz-CZ\"}]}<\/script>\n<!-- \/ Yoast SEO plugin. -->","yoast_head_json":{"title":"V\u00fdb\u011br ide\u00e1ln\u00edch interi\u00e9rov\u00fdch dve\u0159\u00ed: Dve\u0159e Porta Thermo Collection","description":"Vylep\u0161ete design sv\u00e9ho interi\u00e9ru pomoc\u00ed interi\u00e9rov\u00fdch dve\u0159\u00ed PORTA Thermo. A\u0165 u\u017e d\u00e1v\u00e1te p\u0159ednost \u010dist\u00e9mu minimalistick\u00e9mu vzhledu, nebo nad\u010dasov\u00e9mu vintage \u0161armu, na\u0161e dve\u0159e v\u00e1m nab\u00eddnou dokonal\u00fd dopln\u011bk.","robots":{"index":"index","follow":"follow","max-snippet":"max-snippet:-1","max-image-preview":"max-image-preview:large","max-video-preview":"max-video-preview:-1"},"canonical":"https:\/\/portathermo.com\/cz\/poradime-vam-jak-zvolit-dvere-do-interieru\/","og_locale":"en_US","og_type":"article","og_title":"V\u00fdb\u011br ide\u00e1ln\u00edch interi\u00e9rov\u00fdch dve\u0159\u00ed: Dve\u0159e Porta Thermo Collection","og_description":"Vylep\u0161ete design sv\u00e9ho interi\u00e9ru pomoc\u00ed interi\u00e9rov\u00fdch dve\u0159\u00ed PORTA Thermo. A\u0165 u\u017e d\u00e1v\u00e1te p\u0159ednost \u010dist\u00e9mu minimalistick\u00e9mu vzhledu, nebo nad\u010dasov\u00e9mu vintage \u0161armu, na\u0161e dve\u0159e v\u00e1m nab\u00eddnou dokonal\u00fd dopln\u011bk.","og_url":"https:\/\/portathermo.com\/cz\/poradime-vam-jak-zvolit-dvere-do-interieru\/","og_site_name":"Porta Thermo","article_modified_time":"2023-06-12T12:06:49+00:00","twitter_card":"summary_large_image","schema":{"@context":"https:\/\/schema.org","@graph":[{"@type":"WebPage","@id":"https:\/\/portathermo.com\/cz\/poradime-vam-jak-zvolit-dvere-do-interieru\/","url":"https:\/\/portathermo.com\/cz\/poradime-vam-jak-zvolit-dvere-do-interieru\/","name":"V\u00fdb\u011br ide\u00e1ln\u00edch interi\u00e9rov\u00fdch dve\u0159\u00ed: Dve\u0159e Porta Thermo Collection","isPartOf":{"@id":"https:\/\/portathermo.com\/#website"},"datePublished":"2023-04-14T12:45:22+00:00","dateModified":"2023-06-12T12:06:49+00:00","description":"Vylep\u0161ete design sv\u00e9ho interi\u00e9ru pomoc\u00ed interi\u00e9rov\u00fdch dve\u0159\u00ed PORTA Thermo. A\u0165 u\u017e d\u00e1v\u00e1te p\u0159ednost \u010dist\u00e9mu minimalistick\u00e9mu vzhledu, nebo nad\u010dasov\u00e9mu vintage \u0161armu, na\u0161e dve\u0159e v\u00e1m nab\u00eddnou dokonal\u00fd dopln\u011bk.","breadcrumb":{"@id":"https:\/\/portathermo.com\/cz\/poradime-vam-jak-zvolit-dvere-do-interieru\/#breadcrumb"},"inLanguage":"cz-CZ","potentialAction":[{"@type":"ReadAction","target":["https:\/\/portathermo.com\/cz\/poradime-vam-jak-zvolit-dvere-do-interieru\/"]}]},{"@type":"BreadcrumbList","@id":"https:\/\/portathermo.com\/cz\/poradime-vam-jak-zvolit-dvere-do-interieru\/#breadcrumb","itemListElement":[{"@type":"ListItem","position":1,"name":"Strona g\u0142\u00f3wna","item":"https:\/\/portathermo.com\/cz\/"},{"@type":"ListItem","position":2,"name":"Doradzimy jak wybra\u0107 drzwi do wn\u0119trza"}]},{"@type":"WebSite","@id":"https:\/\/portathermo.com\/#website","url":"https:\/\/portathermo.com\/","name":"Porta Thermo","description":"","potentialAction":[{"@type":"SearchAction","target":{"@type":"EntryPoint","urlTemplate":"https:\/\/portathermo.com\/?s={search_term_string}"},"query-input":{"@type":"PropertyValueSpecification","valueRequired":true,"valueName":"search_term_string"}}],"inLanguage":"cz-CZ"}]}},"_links":{"self":[{"href":"https:\/\/portathermo.com\/cz\/wp-json\/wp\/v2\/pages\/1611","targetHints":{"allow":["GET"]}}],"collection":[{"href":"https:\/\/portathermo.com\/cz\/wp-json\/wp\/v2\/pages"}],"about":[{"href":"https:\/\/portathermo.com\/cz\/wp-json\/wp\/v2\/types\/page"}],"author":[{"embeddable":true,"href":"https:\/\/portathermo.com\/cz\/wp-json\/wp\/v2\/users\/1"}],"replies":[{"embeddable":true,"href":"https:\/\/portathermo.com\/cz\/wp-json\/wp\/v2\/comments?post=1611"}],"version-history":[{"count":1,"href":"https:\/\/portathermo.com\/cz\/wp-json\/wp\/v2\/pages\/1611\/revisions"}],"predecessor-version":[{"id":1613,"href":"https:\/\/portathermo.com\/cz\/wp-json\/wp\/v2\/pages\/1611\/revisions\/1613"}],"wp:attachment":[{"href":"https:\/\/portathermo.com\/cz\/wp-json\/wp\/v2\/media?parent=1611"}],"curies":[{"name":"wp","href":"https:\/\/api.w.org\/{rel}","templated":true}]}}