{"id":1601,"date":"2023-04-20T18:23:04","date_gmt":"2023-04-20T16:23:04","guid":{"rendered":"https:\/\/portathermo.com\/strona-glowna\/"},"modified":"2025-10-30T20:16:37","modified_gmt":"2025-10-30T19:16:37","slug":"strona-glowna","status":"publish","type":"page","link":"https:\/\/portathermo.com\/cz\/","title":{"rendered":"Strona g\u0142\u00f3wna"},"content":{"rendered":"","protected":false},"excerpt":{"rendered":"","protected":false},"author":1,"featured_media":0,"parent":0,"menu_order":0,"comment_status":"closed","ping_status":"open","template":"","meta":{"_acf_changed":false,"inline_featured_image":false,"footnotes":""},"class_list":["post-1601","page","type-page","status-publish","hentry"],"acf":[],"yoast_head":"<!-- This site is optimized with the Yoast SEO plugin v27.4 - https:\/\/yoast.com\/product\/yoast-seo-wordpress\/ -->\n<title>Ocelov\u00e9 vn\u011bj\u0161\u00ed dve\u0159e PORTA THERMO<\/title>\n<meta name=\"description\" content=\"Porta Thermo - Pohodln\u00fd v\u00fdb\u011br vn\u011bj\u0161\u00edch dve\u0159\u00ed ve 3 kroc\u00edch. \u0160et\u0159ete energii s v\u00fdhodn\u00fdmi bal\u00ed\u010dky. Zajist\u011bte si bezpe\u010d\u00ed d\u00edky modern\u00edm \u0159e\u0161en\u00edm.\" \/>\n<meta name=\"robots\" content=\"index, follow, max-snippet:-1, max-image-preview:large, max-video-preview:-1\" \/>\n<link rel=\"canonical\" href=\"https:\/\/portathermo.com\/cz\/\" \/>\n<meta property=\"og:locale\" content=\"en_US\" \/>\n<meta property=\"og:type\" content=\"article\" \/>\n<meta property=\"og:title\" content=\"Ocelov\u00e9 vn\u011bj\u0161\u00ed dve\u0159e PORTA THERMO\" \/>\n<meta property=\"og:description\" content=\"Porta Thermo - Pohodln\u00fd v\u00fdb\u011br vn\u011bj\u0161\u00edch dve\u0159\u00ed ve 3 kroc\u00edch. \u0160et\u0159ete energii s v\u00fdhodn\u00fdmi bal\u00ed\u010dky. Zajist\u011bte si bezpe\u010d\u00ed d\u00edky modern\u00edm \u0159e\u0161en\u00edm.\" \/>\n<meta property=\"og:url\" content=\"https:\/\/portathermo.com\/cz\/\" \/>\n<meta property=\"og:site_name\" content=\"Porta Thermo\" \/>\n<meta property=\"article:modified_time\" content=\"2025-10-30T19:16:37+00:00\" \/>\n<meta name=\"twitter:card\" content=\"summary_large_image\" \/>\n<script type=\"application\/ld+json\" class=\"yoast-schema-graph\">{\"@context\":\"https:\\\/\\\/schema.org\",\"@graph\":[{\"@type\":\"WebPage\",\"@id\":\"https:\\\/\\\/portathermo.com\\\/cz\\\/\",\"url\":\"https:\\\/\\\/portathermo.com\\\/cz\\\/\",\"name\":\"Ocelov\u00e9 vn\u011bj\u0161\u00ed dve\u0159e PORTA THERMO\",\"isPartOf\":{\"@id\":\"https:\\\/\\\/portathermo.com\\\/#website\"},\"datePublished\":\"2023-04-20T16:23:04+00:00\",\"dateModified\":\"2025-10-30T19:16:37+00:00\",\"description\":\"Porta Thermo - Pohodln\u00fd v\u00fdb\u011br vn\u011bj\u0161\u00edch dve\u0159\u00ed ve 3 kroc\u00edch. \u0160et\u0159ete energii s v\u00fdhodn\u00fdmi bal\u00ed\u010dky. Zajist\u011bte si bezpe\u010d\u00ed d\u00edky modern\u00edm \u0159e\u0161en\u00edm.\",\"breadcrumb\":{\"@id\":\"https:\\\/\\\/portathermo.com\\\/cz\\\/#breadcrumb\"},\"inLanguage\":\"cz-CZ\",\"potentialAction\":[{\"@type\":\"ReadAction\",\"target\":[\"https:\\\/\\\/portathermo.com\\\/cz\\\/\"]}]},{\"@type\":\"BreadcrumbList\",\"@id\":\"https:\\\/\\\/portathermo.com\\\/cz\\\/#breadcrumb\",\"itemListElement\":[{\"@type\":\"ListItem\",\"position\":1,\"name\":\"Strona g\u0142\u00f3wna\",\"item\":\"https:\\\/\\\/portathermo.com\\\/cz\\\/\"},{\"@type\":\"ListItem\",\"position\":2,\"name\":\"Strona g\u0142\u00f3wna\"}]},{\"@type\":\"WebSite\",\"@id\":\"https:\\\/\\\/portathermo.com\\\/#website\",\"url\":\"https:\\\/\\\/portathermo.com\\\/\",\"name\":\"Porta Thermo\",\"description\":\"\",\"potentialAction\":[{\"@type\":\"SearchAction\",\"target\":{\"@type\":\"EntryPoint\",\"urlTemplate\":\"https:\\\/\\\/portathermo.com\\\/?s={search_term_string}\"},\"query-input\":{\"@type\":\"PropertyValueSpecification\",\"valueRequired\":true,\"valueName\":\"search_term_string\"}}],\"inLanguage\":\"cz-CZ\"}]}<\/script>\n<!-- \/ Yoast SEO plugin. -->","yoast_head_json":{"title":"Ocelov\u00e9 vn\u011bj\u0161\u00ed dve\u0159e PORTA THERMO","description":"Porta Thermo - Pohodln\u00fd v\u00fdb\u011br vn\u011bj\u0161\u00edch dve\u0159\u00ed ve 3 kroc\u00edch. \u0160et\u0159ete energii s v\u00fdhodn\u00fdmi bal\u00ed\u010dky. Zajist\u011bte si bezpe\u010d\u00ed d\u00edky modern\u00edm \u0159e\u0161en\u00edm.","robots":{"index":"index","follow":"follow","max-snippet":"max-snippet:-1","max-image-preview":"max-image-preview:large","max-video-preview":"max-video-preview:-1"},"canonical":"https:\/\/portathermo.com\/cz\/","og_locale":"en_US","og_type":"article","og_title":"Ocelov\u00e9 vn\u011bj\u0161\u00ed dve\u0159e PORTA THERMO","og_description":"Porta Thermo - Pohodln\u00fd v\u00fdb\u011br vn\u011bj\u0161\u00edch dve\u0159\u00ed ve 3 kroc\u00edch. \u0160et\u0159ete energii s v\u00fdhodn\u00fdmi bal\u00ed\u010dky. Zajist\u011bte si bezpe\u010d\u00ed d\u00edky modern\u00edm \u0159e\u0161en\u00edm.","og_url":"https:\/\/portathermo.com\/cz\/","og_site_name":"Porta Thermo","article_modified_time":"2025-10-30T19:16:37+00:00","twitter_card":"summary_large_image","schema":{"@context":"https:\/\/schema.org","@graph":[{"@type":"WebPage","@id":"https:\/\/portathermo.com\/cz\/","url":"https:\/\/portathermo.com\/cz\/","name":"Ocelov\u00e9 vn\u011bj\u0161\u00ed dve\u0159e PORTA THERMO","isPartOf":{"@id":"https:\/\/portathermo.com\/#website"},"datePublished":"2023-04-20T16:23:04+00:00","dateModified":"2025-10-30T19:16:37+00:00","description":"Porta Thermo - Pohodln\u00fd v\u00fdb\u011br vn\u011bj\u0161\u00edch dve\u0159\u00ed ve 3 kroc\u00edch. \u0160et\u0159ete energii s v\u00fdhodn\u00fdmi bal\u00ed\u010dky. Zajist\u011bte si bezpe\u010d\u00ed d\u00edky modern\u00edm \u0159e\u0161en\u00edm.","breadcrumb":{"@id":"https:\/\/portathermo.com\/cz\/#breadcrumb"},"inLanguage":"cz-CZ","potentialAction":[{"@type":"ReadAction","target":["https:\/\/portathermo.com\/cz\/"]}]},{"@type":"BreadcrumbList","@id":"https:\/\/portathermo.com\/cz\/#breadcrumb","itemListElement":[{"@type":"ListItem","position":1,"name":"Strona g\u0142\u00f3wna","item":"https:\/\/portathermo.com\/cz\/"},{"@type":"ListItem","position":2,"name":"Strona g\u0142\u00f3wna"}]},{"@type":"WebSite","@id":"https:\/\/portathermo.com\/#website","url":"https:\/\/portathermo.com\/","name":"Porta Thermo","description":"","potentialAction":[{"@type":"SearchAction","target":{"@type":"EntryPoint","urlTemplate":"https:\/\/portathermo.com\/?s={search_term_string}"},"query-input":{"@type":"PropertyValueSpecification","valueRequired":true,"valueName":"search_term_string"}}],"inLanguage":"cz-CZ"}]}},"_links":{"self":[{"href":"https:\/\/portathermo.com\/cz\/wp-json\/wp\/v2\/pages\/1601","targetHints":{"allow":["GET"]}}],"collection":[{"href":"https:\/\/portathermo.com\/cz\/wp-json\/wp\/v2\/pages"}],"about":[{"href":"https:\/\/portathermo.com\/cz\/wp-json\/wp\/v2\/types\/page"}],"author":[{"embeddable":true,"href":"https:\/\/portathermo.com\/cz\/wp-json\/wp\/v2\/users\/1"}],"replies":[{"embeddable":true,"href":"https:\/\/portathermo.com\/cz\/wp-json\/wp\/v2\/comments?post=1601"}],"version-history":[{"count":19,"href":"https:\/\/portathermo.com\/cz\/wp-json\/wp\/v2\/pages\/1601\/revisions"}],"predecessor-version":[{"id":3208,"href":"https:\/\/portathermo.com\/cz\/wp-json\/wp\/v2\/pages\/1601\/revisions\/3208"}],"wp:attachment":[{"href":"https:\/\/portathermo.com\/cz\/wp-json\/wp\/v2\/media?parent=1601"}],"curies":[{"name":"wp","href":"https:\/\/api.w.org\/{rel}","templated":true}]}}